{"id":23,"date":"2024-06-20T11:03:31","date_gmt":"2024-06-20T09:03:31","guid":{"rendered":"https:\/\/www.inclusiveit.sn\/?page_id=23"},"modified":"2026-04-03T14:49:08","modified_gmt":"2026-04-03T12:49:08","slug":"a-propos","status":"publish","type":"page","link":"https:\/\/bakertillyera.sn\/?page_id=23","title":{"rendered":"A propos"},"content":{"rendered":"\t\t<div data-elementor-type=\"wp-page\" data-elementor-id=\"23\" class=\"elementor elementor-23\" data-elementor-post-type=\"page\">\n\t\t\t\t<div class=\"elementor-element elementor-element-4988ef1 e-flex e-con-boxed e-con e-parent\" data-id=\"4988ef1\" data-element_type=\"container\">\n\t\t\t\t\t<div class=\"e-con-inner\">\n\t\t<div class=\"elementor-element elementor-element-5047c72 e-con-full e-flex e-con e-child\" data-id=\"5047c72\" data-element_type=\"container\">\n\t\t<div class=\"elementor-element elementor-element-f15487d e-con-full e-flex e-con e-child\" data-id=\"f15487d\" data-element_type=\"container\">\n\t\t\t\t<div class=\"elementor-element elementor-element-79c337b elementor-widget elementor-widget-heading\" data-id=\"79c337b\" data-element_type=\"widget\" data-widget_type=\"heading.default\">\n\t\t\t\t<div class=\"elementor-widget-container\">\n\t\t\t\t\t<h1 class=\"elementor-heading-title elementor-size-default\">Qui sommes-nous, o\u00f9 sommes-nous et pourquoi cela importe-t-il ?<\/h1>\t\t\t\t<\/div>\n\t\t\t\t<\/div>\n\t\t\t\t<div class=\"elementor-element elementor-element-39ab5b6 elementor-widget elementor-widget-text-editor\" data-id=\"39ab5b6\" data-element_type=\"widget\" data-widget_type=\"text-editor.default\">\n\t\t\t\t<div class=\"elementor-widget-container\">\n\t\t\t\t\t\t\t\t\t<p>Nous sommes Baker Tilly, un r\u00e9seau mondial figurant parmi les 10 premiers cabinets de services professionnels.<\/p><p>Nous intervenons dans les domaines de la fiscalit\u00e9, du conseil, de l&rsquo;audit, du droit et bien plus encore, gr\u00e2ce \u00e0 des centaines d&rsquo;experts hautement motiv\u00e9s qui accompagnent nos clients sur sur tout l&rsquo;Afrique particuli\u00e8rement Afrique de l&rsquo;ouest et au S\u00e9n\u00e9gal .<\/p>\t\t\t\t\t\t\t\t<\/div>\n\t\t\t\t<\/div>\n\t\t\t\t<\/div>\n\t\t<div class=\"elementor-element elementor-element-e0de554 e-con-full e-flex e-con e-child\" data-id=\"e0de554\" data-element_type=\"container\">\n\t\t\t\t<div class=\"elementor-element elementor-element-9011f69 elementor-widget elementor-widget-image\" data-id=\"9011f69\" data-element_type=\"widget\" data-widget_type=\"image.default\">\n\t\t\t\t<div class=\"elementor-widget-container\">\n\t\t\t\t\t\t\t\t\t\t\t\t\t\t\t<img fetchpriority=\"high\" decoding=\"async\" width=\"800\" height=\"473\" src=\"https:\/\/bakertillyera.sn\/wp-content\/uploads\/2026\/04\/14-GS-scaled-e1775216913402-1024x606.webp\" class=\"attachment-large size-large wp-image-481\" alt=\"\" srcset=\"https:\/\/bakertillyera.sn\/wp-content\/uploads\/2026\/04\/14-GS-scaled-e1775216913402-1024x606.webp 1024w, https:\/\/bakertillyera.sn\/wp-content\/uploads\/2026\/04\/14-GS-scaled-e1775216913402-300x177.webp 300w, https:\/\/bakertillyera.sn\/wp-content\/uploads\/2026\/04\/14-GS-scaled-e1775216913402-768x454.webp 768w, https:\/\/bakertillyera.sn\/wp-content\/uploads\/2026\/04\/14-GS-scaled-e1775216913402.webp 1442w\" sizes=\"(max-width: 800px) 100vw, 800px\" \/>\t\t\t\t\t\t\t\t\t\t\t\t\t\t\t<\/div>\n\t\t\t\t<\/div>\n\t\t\t\t<\/div>\n\t\t\t\t<\/div>\n\t\t\t\t\t<\/div>\n\t\t\t\t<\/div>\n\t\t<div class=\"elementor-element elementor-element-1fdcf62 e-flex e-con-boxed e-con e-parent\" data-id=\"1fdcf62\" data-element_type=\"container\">\n\t\t\t\t\t<div class=\"e-con-inner\">\n\t\t\t\t<div class=\"elementor-element elementor-element-e1ac970 elementor-widget-divider--view-line elementor-widget elementor-widget-divider\" data-id=\"e1ac970\" data-element_type=\"widget\" data-widget_type=\"divider.default\">\n\t\t\t\t<div class=\"elementor-widget-container\">\n\t\t\t\t\t\t\t<div class=\"elementor-divider\">\n\t\t\t<span class=\"elementor-divider-separator\">\n\t\t\t\t\t\t<\/span>\n\t\t<\/div>\n\t\t\t\t\t\t<\/div>\n\t\t\t\t<\/div>\n\t\t\t\t\t<\/div>\n\t\t\t\t<\/div>\n\t\t<div class=\"elementor-element elementor-element-d929ce9 e-flex e-con-boxed e-con e-parent\" data-id=\"d929ce9\" data-element_type=\"container\">\n\t\t\t\t\t<div class=\"e-con-inner\">\n\t\t<div class=\"elementor-element elementor-element-d8d6f2e e-con-full e-flex e-con e-child\" data-id=\"d8d6f2e\" data-element_type=\"container\">\n\t\t<div class=\"elementor-element elementor-element-def0b5b e-con-full e-flex e-con e-child\" data-id=\"def0b5b\" data-element_type=\"container\">\n\t\t\t\t<div class=\"elementor-element elementor-element-2a6b525 elementor-widget elementor-widget-heading\" data-id=\"2a6b525\" data-element_type=\"widget\" data-widget_type=\"heading.default\">\n\t\t\t\t<div class=\"elementor-widget-container\">\n\t\t\t\t\t<h2 class=\"elementor-heading-title elementor-size-default\">Nos valeurs<\/h2>\t\t\t\t<\/div>\n\t\t\t\t<\/div>\n\t\t\t\t<div class=\"elementor-element elementor-element-acda80b elementor-widget elementor-widget-heading\" data-id=\"acda80b\" data-element_type=\"widget\" data-widget_type=\"heading.default\">\n\t\t\t\t<div class=\"elementor-widget-container\">\n\t\t\t\t\t<h5 class=\"elementor-heading-title elementor-size-default\">Int\u00e9grit\u00e9, innovation et inclusion <br>Notre promesse est simple\u00a0: non seulement prot\u00e9ger la valeur de votre entreprise, mais aussi l\u2019accro\u00eetre.\n\nVoici comment\u00a0:<\/h5>\t\t\t\t<\/div>\n\t\t\t\t<\/div>\n\t\t<div class=\"elementor-element elementor-element-a18b2c4 e-con-full e-flex e-con e-child\" data-id=\"a18b2c4\" data-element_type=\"container\">\n\t\t\t\t<div class=\"elementor-element elementor-element-5ce030a elementor-icon-list--layout-traditional elementor-list-item-link-full_width elementor-widget elementor-widget-icon-list\" data-id=\"5ce030a\" data-element_type=\"widget\" data-widget_type=\"icon-list.default\">\n\t\t\t\t<div class=\"elementor-widget-container\">\n\t\t\t\t\t\t\t<ul class=\"elementor-icon-list-items\">\n\t\t\t\t\t\t\t<li class=\"elementor-icon-list-item\">\n\t\t\t\t\t\t\t\t\t\t\t<span class=\"elementor-icon-list-icon\">\n\t\t\t\t\t\t\t<svg aria-hidden=\"true\" class=\"e-font-icon-svg e-fas-circle\" viewBox=\"0 0 512 512\" xmlns=\"http:\/\/www.w3.org\/2000\/svg\"><path d=\"M256 8C119 8 8 119 8 256s111 248 248 248 248-111 248-248S393 8 256 8z\"><\/path><\/svg>\t\t\t\t\t\t<\/span>\n\t\t\t\t\t\t\t\t\t\t<span class=\"elementor-icon-list-text\">une envergure, une dynamique et une expertise pour vous accompagner dans vos activit\u00e9s, o\u00f9 que vous soyez.<\/span>\n\t\t\t\t\t\t\t\t\t<\/li>\n\t\t\t\t\t\t<\/ul>\n\t\t\t\t\t\t<\/div>\n\t\t\t\t<\/div>\n\t\t\t\t<div class=\"elementor-element elementor-element-a72610b elementor-icon-list--layout-traditional elementor-list-item-link-full_width elementor-widget elementor-widget-icon-list\" data-id=\"a72610b\" data-element_type=\"widget\" data-widget_type=\"icon-list.default\">\n\t\t\t\t<div class=\"elementor-widget-container\">\n\t\t\t\t\t\t\t<ul class=\"elementor-icon-list-items\">\n\t\t\t\t\t\t\t<li class=\"elementor-icon-list-item\">\n\t\t\t\t\t\t\t\t\t\t\t<span class=\"elementor-icon-list-icon\">\n\t\t\t\t\t\t\t<svg aria-hidden=\"true\" class=\"e-font-icon-svg e-fas-circle\" viewBox=\"0 0 512 512\" xmlns=\"http:\/\/www.w3.org\/2000\/svg\"><path d=\"M256 8C119 8 8 119 8 256s111 248 248 248 248-111 248-248S393 8 256 8z\"><\/path><\/svg>\t\t\t\t\t\t<\/span>\n\t\t\t\t\t\t\t\t\t\t<span class=\"elementor-icon-list-text\">Nous comprenons les complexit\u00e9s auxquelles vous \u00eates confront\u00e9s \u00e0 l\u2019\u00e9chelle mondiale, qu\u2019elles soient r\u00e9glementaires, \u00e9conomiques ou culturelles.<\/span>\n\t\t\t\t\t\t\t\t\t<\/li>\n\t\t\t\t\t\t<\/ul>\n\t\t\t\t\t\t<\/div>\n\t\t\t\t<\/div>\n\t\t\t\t<div class=\"elementor-element elementor-element-aec4c0a elementor-icon-list--layout-traditional elementor-list-item-link-full_width elementor-widget elementor-widget-icon-list\" data-id=\"aec4c0a\" data-element_type=\"widget\" data-widget_type=\"icon-list.default\">\n\t\t\t\t<div class=\"elementor-widget-container\">\n\t\t\t\t\t\t\t<ul class=\"elementor-icon-list-items\">\n\t\t\t\t\t\t\t<li class=\"elementor-icon-list-item\">\n\t\t\t\t\t\t\t\t\t\t\t<span class=\"elementor-icon-list-icon\">\n\t\t\t\t\t\t\t<svg aria-hidden=\"true\" class=\"e-font-icon-svg e-fas-circle\" viewBox=\"0 0 512 512\" xmlns=\"http:\/\/www.w3.org\/2000\/svg\"><path d=\"M256 8C119 8 8 119 8 256s111 248 248 248 248-111 248-248S393 8 256 8z\"><\/path><\/svg>\t\t\t\t\t\t<\/span>\n\t\t\t\t\t\t\t\t\t\t<span class=\"elementor-icon-list-text\">Une approche collaborative, car la compr\u00e9hension et la confiance sont essentielles \u00e0 toute relation fructueuse.<\/span>\n\t\t\t\t\t\t\t\t\t<\/li>\n\t\t\t\t\t\t<\/ul>\n\t\t\t\t\t\t<\/div>\n\t\t\t\t<\/div>\n\t\t\t\t<\/div>\n\t\t\t\t<\/div>\n\t\t<div class=\"elementor-element elementor-element-2ffe524 e-con-full e-flex e-con e-child\" data-id=\"2ffe524\" data-element_type=\"container\">\n\t\t\t\t<div class=\"elementor-element elementor-element-774c5fe elementor-widget elementor-widget-image\" data-id=\"774c5fe\" data-element_type=\"widget\" data-widget_type=\"image.default\">\n\t\t\t\t<div class=\"elementor-widget-container\">\n\t\t\t\t\t\t\t\t\t\t\t\t\t\t\t<img decoding=\"async\" width=\"758\" height=\"505\" src=\"https:\/\/bakertillyera.sn\/wp-content\/uploads\/2026\/04\/image_4da89f870f52a6527017a5786a474e51-758x505-1.jpeg\" class=\"attachment-large size-large wp-image-471\" alt=\"\" srcset=\"https:\/\/bakertillyera.sn\/wp-content\/uploads\/2026\/04\/image_4da89f870f52a6527017a5786a474e51-758x505-1.jpeg 758w, https:\/\/bakertillyera.sn\/wp-content\/uploads\/2026\/04\/image_4da89f870f52a6527017a5786a474e51-758x505-1-300x200.jpeg 300w\" sizes=\"(max-width: 758px) 100vw, 758px\" \/>\t\t\t\t\t\t\t\t\t\t\t\t\t\t\t<\/div>\n\t\t\t\t<\/div>\n\t\t\t\t<\/div>\n\t\t\t\t<\/div>\n\t\t\t\t\t<\/div>\n\t\t\t\t<\/div>\n\t\t<div class=\"elementor-element elementor-element-f1733c4 e-flex e-con-boxed e-con e-parent\" data-id=\"f1733c4\" data-element_type=\"container\">\n\t\t\t\t\t<div class=\"e-con-inner\">\n\t\t\t\t<div class=\"elementor-element elementor-element-eebb694 elementor-widget-divider--view-line elementor-widget elementor-widget-divider\" data-id=\"eebb694\" data-element_type=\"widget\" data-widget_type=\"divider.default\">\n\t\t\t\t<div class=\"elementor-widget-container\">\n\t\t\t\t\t\t\t<div class=\"elementor-divider\">\n\t\t\t<span class=\"elementor-divider-separator\">\n\t\t\t\t\t\t<\/span>\n\t\t<\/div>\n\t\t\t\t\t\t<\/div>\n\t\t\t\t<\/div>\n\t\t\t\t\t<\/div>\n\t\t\t\t<\/div>\n\t\t<div class=\"elementor-element elementor-element-bb457a4 e-flex e-con-boxed e-con e-parent\" data-id=\"bb457a4\" data-element_type=\"container\">\n\t\t\t\t\t<div class=\"e-con-inner\">\n\t\t<div class=\"elementor-element elementor-element-6b347ed e-con-full e-flex e-con e-child\" data-id=\"6b347ed\" data-element_type=\"container\">\n\t\t<div class=\"elementor-element elementor-element-6d39877 e-con-full e-flex e-con e-child\" data-id=\"6d39877\" data-element_type=\"container\">\n\t\t\t\t<div class=\"elementor-element elementor-element-4b28589 elementor-widget elementor-widget-heading\" data-id=\"4b28589\" data-element_type=\"widget\" data-widget_type=\"heading.default\">\n\t\t\t\t<div class=\"elementor-widget-container\">\n\t\t\t\t\t<h2 class=\"elementor-heading-title elementor-size-default\">Notre \u00e9quipe<\/h2>\t\t\t\t<\/div>\n\t\t\t\t<\/div>\n\t\t\t\t<div class=\"elementor-element elementor-element-7d3c70b elementor-widget elementor-widget-heading\" data-id=\"7d3c70b\" data-element_type=\"widget\" data-widget_type=\"heading.default\">\n\t\t\t\t<div class=\"elementor-widget-container\">\n\t\t\t\t\t<h5 class=\"elementor-heading-title elementor-size-default\">Le personnel technique permanent du cabinet ERA Baker Tilly est constitu\u00e9 par :<\/h5>\t\t\t\t<\/div>\n\t\t\t\t<\/div>\n\t\t\t\t<div class=\"elementor-element elementor-element-bad86d1 elementor-widget elementor-widget-text-editor\" data-id=\"bad86d1\" data-element_type=\"widget\" data-widget_type=\"text-editor.default\">\n\t\t\t\t<div class=\"elementor-widget-container\">\n\t\t\t\t\t\t\t\t\t<ul><li>Un Associ\u00e9-G\u00e9rant, Expert-comptable Dipl\u00f4m\u00e9\u00a0: M. Iba Joseph BASSE (35 ans d\u2019exp\u00e9rience professionnelle) ;<\/li><li>Un Expert-comptable dipl\u00f4m\u00e9 de l\u2019Etat Fran\u00e7ais (DEC 2000) &#8211; Associ\u00e9 charg\u00e9 de la Revue Technique (norme ISA 220), Kain MAGASSOUBA, (33 ans d\u2019exp\u00e9rience professionnelle) ;<\/li><li>Un Expert-comptable m\u00e9morialiste: Mamadou Baidy DIOUF, titulaire du DESCOGEF du CESAG, ( 09 ans d\u2019exp\u00e9rience professionnelle) ;<\/li><li>Un Senior Auditeur, dipl\u00f4m\u00e9 Master, sp\u00e9cialis\u00e9 en Audit comptable et financier, Badara DIENG\u00a0;<\/li><li>Deux Sp\u00e9cialistes du d\u00e9partement expertise et assistance comptable\u00a0: Salimata SOW YALL et Michel SENGHOR\u00a0;<\/li><li>Une Responsable Administrative &amp; Financi\u00e8re , Mme JANANTO Tess Elisabeth;<\/li><li>Vingt (20) autres collaborateurs dont 16 constituent le personnel technique et 4 le personnel administratif.<\/li><\/ul><p>Le personnel d\u2019appui administratif regroupe\u00a0: un comptable, une secr\u00e9taire et deux agents administratifs.<\/p>\t\t\t\t\t\t\t\t<\/div>\n\t\t\t\t<\/div>\n\t\t\t\t<\/div>\n\t\t<div class=\"elementor-element elementor-element-70bd8d6 e-con-full e-flex e-con e-child\" data-id=\"70bd8d6\" data-element_type=\"container\">\n\t\t\t\t<div class=\"elementor-element elementor-element-162ccfb elementor-widget elementor-widget-image\" data-id=\"162ccfb\" data-element_type=\"widget\" data-widget_type=\"image.default\">\n\t\t\t\t<div class=\"elementor-widget-container\">\n\t\t\t\t\t\t\t\t\t\t\t\t\t\t\t<img decoding=\"async\" width=\"800\" height=\"512\" src=\"https:\/\/bakertillyera.sn\/wp-content\/uploads\/2026\/04\/aide-aux-entreprises-afrique-ouest-tech-1024x655.jpg\" class=\"attachment-large size-large wp-image-472\" alt=\"\" \/>\t\t\t\t\t\t\t\t\t\t\t\t\t\t\t<\/div>\n\t\t\t\t<\/div>\n\t\t\t\t<\/div>\n\t\t\t\t<\/div>\n\t\t\t\t\t<\/div>\n\t\t\t\t<\/div>\n\t\t<div class=\"elementor-element elementor-element-bb6fc12 e-flex e-con-boxed e-con e-parent\" data-id=\"bb6fc12\" data-element_type=\"container\">\n\t\t\t\t\t<div class=\"e-con-inner\">\n\t\t\t\t<div class=\"elementor-element elementor-element-303405c elementor-widget-divider--view-line elementor-widget elementor-widget-divider\" data-id=\"303405c\" data-element_type=\"widget\" data-widget_type=\"divider.default\">\n\t\t\t\t<div class=\"elementor-widget-container\">\n\t\t\t\t\t\t\t<div class=\"elementor-divider\">\n\t\t\t<span class=\"elementor-divider-separator\">\n\t\t\t\t\t\t<\/span>\n\t\t<\/div>\n\t\t\t\t\t\t<\/div>\n\t\t\t\t<\/div>\n\t\t\t\t\t<\/div>\n\t\t\t\t<\/div>\n\t\t<div class=\"elementor-element elementor-element-5661ff6 e-flex e-con-boxed e-con e-parent\" data-id=\"5661ff6\" data-element_type=\"container\">\n\t\t\t\t\t<div class=\"e-con-inner\">\n\t\t<div class=\"elementor-element elementor-element-06a5f7c e-con-full e-flex e-con e-child\" data-id=\"06a5f7c\" data-element_type=\"container\">\n\t\t<div class=\"elementor-element elementor-element-1bd19c9 e-con-full e-flex e-con e-child\" data-id=\"1bd19c9\" data-element_type=\"container\">\n\t\t\t\t<div class=\"elementor-element elementor-element-c378b7b elementor-widget elementor-widget-heading\" data-id=\"c378b7b\" data-element_type=\"widget\" data-widget_type=\"heading.default\">\n\t\t\t\t<div class=\"elementor-widget-container\">\n\t\t\t\t\t<h1 class=\"elementor-heading-title elementor-size-default\">Contactez-Nous<\/h1>\t\t\t\t<\/div>\n\t\t\t\t<\/div>\n\t\t\t\t<div class=\"elementor-element elementor-element-c8b62c2 elementor-widget elementor-widget-text-editor\" data-id=\"c8b62c2\" data-element_type=\"widget\" data-widget_type=\"text-editor.default\">\n\t\t\t\t<div class=\"elementor-widget-container\">\n\t\t\t\t\t\t\t\t\t<p>Rejoignez-nous pour en savoir plus sur Bakertilly Era, contactez-nous d\u00e8s aujourd\u2019hui.<\/p>\t\t\t\t\t\t\t\t<\/div>\n\t\t\t\t<\/div>\n\t\t\t\t<\/div>\n\t\t\t\t<\/div>\n\t\t\t\t\t<\/div>\n\t\t\t\t<\/div>\n\t\t\t\t<\/div>\n\t\t","protected":false},"excerpt":{"rendered":"<p>Qui sommes-nous, o\u00f9 sommes-nous et pourquoi cela importe-t-il ? Nous sommes Baker Tilly, un r\u00e9seau mondial figurant parmi les 10 premiers cabinets de services professionnels. Nous intervenons dans les domaines de la fiscalit\u00e9, du conseil, de l&rsquo;audit, du droit et bien plus encore, gr\u00e2ce \u00e0 des centaines d&rsquo;experts hautement motiv\u00e9s qui accompagnent nos clients sur [&hellip;]<\/p>\n","protected":false},"author":1,"featured_media":0,"parent":0,"menu_order":0,"comment_status":"closed","ping_status":"closed","template":"","meta":{"footnotes":""},"yoast_head":"<!-- This site is optimized with the Yoast SEO plugin v24.5 - https:\/\/yoast.com\/wordpress\/plugins\/seo\/ -->\n<title>A propos - Bakertilly S\u00e9n\u00e9gal<\/title>\n<meta name=\"robots\" content=\"noindex, follow, max-snippet:-1, max-image-preview:large, max-video-preview:-1\" \/>\n<meta property=\"og:locale\" content=\"fr_FR\" \/>\n<meta property=\"og:type\" content=\"article\" \/>\n<meta property=\"og:title\" content=\"A propos - Bakertilly S\u00e9n\u00e9gal\" \/>\n<meta property=\"og:description\" content=\"Qui sommes-nous, o\u00f9 sommes-nous et pourquoi cela importe-t-il ? Nous sommes Baker Tilly, un r\u00e9seau mondial figurant parmi les 10 premiers cabinets de services professionnels. Nous intervenons dans les domaines de la fiscalit\u00e9, du conseil, de l&rsquo;audit, du droit et bien plus encore, gr\u00e2ce \u00e0 des centaines d&rsquo;experts hautement motiv\u00e9s qui accompagnent nos clients sur [&hellip;]\" \/>\n<meta property=\"og:url\" content=\"https:\/\/bakertillyera.sn\/?page_id=23\" \/>\n<meta property=\"og:site_name\" content=\"Bakertilly S\u00e9n\u00e9gal\" \/>\n<meta property=\"article:modified_time\" content=\"2026-04-03T12:49:08+00:00\" \/>\n<meta property=\"og:image\" content=\"https:\/\/bakertillyera.sn\/wp-content\/uploads\/2026\/04\/14-GS-scaled-e1775216913402.webp\" \/>\n\t<meta property=\"og:image:width\" content=\"1442\" \/>\n\t<meta property=\"og:image:height\" content=\"853\" \/>\n\t<meta property=\"og:image:type\" content=\"image\/webp\" \/>\n<meta name=\"twitter:card\" content=\"summary_large_image\" \/>\n<meta name=\"twitter:label1\" content=\"Dur\u00e9e de lecture estim\u00e9e\" \/>\n\t<meta name=\"twitter:data1\" content=\"3 minutes\" \/>\n<script type=\"application\/ld+json\" class=\"yoast-schema-graph\">{\"@context\":\"https:\/\/schema.org\",\"@graph\":[{\"@type\":\"WebPage\",\"@id\":\"https:\/\/bakertillyera.sn\/?page_id=23\",\"url\":\"https:\/\/bakertillyera.sn\/?page_id=23\",\"name\":\"A propos - Bakertilly S\u00e9n\u00e9gal\",\"isPartOf\":{\"@id\":\"https:\/\/bakertillyera.sn\/#website\"},\"primaryImageOfPage\":{\"@id\":\"https:\/\/bakertillyera.sn\/?page_id=23#primaryimage\"},\"image\":{\"@id\":\"https:\/\/bakertillyera.sn\/?page_id=23#primaryimage\"},\"thumbnailUrl\":\"https:\/\/bakertillyera.sn\/wp-content\/uploads\/2026\/04\/14-GS-scaled-e1775216913402-1024x606.webp\",\"datePublished\":\"2024-06-20T09:03:31+00:00\",\"dateModified\":\"2026-04-03T12:49:08+00:00\",\"breadcrumb\":{\"@id\":\"https:\/\/bakertillyera.sn\/?page_id=23#breadcrumb\"},\"inLanguage\":\"fr-FR\",\"potentialAction\":[{\"@type\":\"ReadAction\",\"target\":[\"https:\/\/bakertillyera.sn\/?page_id=23\"]}]},{\"@type\":\"ImageObject\",\"inLanguage\":\"fr-FR\",\"@id\":\"https:\/\/bakertillyera.sn\/?page_id=23#primaryimage\",\"url\":\"https:\/\/bakertillyera.sn\/wp-content\/uploads\/2026\/04\/14-GS-scaled-e1775216913402.webp\",\"contentUrl\":\"https:\/\/bakertillyera.sn\/wp-content\/uploads\/2026\/04\/14-GS-scaled-e1775216913402.webp\",\"width\":1442,\"height\":853},{\"@type\":\"BreadcrumbList\",\"@id\":\"https:\/\/bakertillyera.sn\/?page_id=23#breadcrumb\",\"itemListElement\":[{\"@type\":\"ListItem\",\"position\":1,\"name\":\"Home\",\"item\":\"https:\/\/bakertillyera.sn\/\"},{\"@type\":\"ListItem\",\"position\":2,\"name\":\"A propos\"}]},{\"@type\":\"WebSite\",\"@id\":\"https:\/\/bakertillyera.sn\/#website\",\"url\":\"https:\/\/bakertillyera.sn\/\",\"name\":\"Bakertilly S\u00e9n\u00e9gal\",\"description\":\"Now, for Tomorrow\",\"publisher\":{\"@id\":\"https:\/\/bakertillyera.sn\/#organization\"},\"potentialAction\":[{\"@type\":\"SearchAction\",\"target\":{\"@type\":\"EntryPoint\",\"urlTemplate\":\"https:\/\/bakertillyera.sn\/?s={search_term_string}\"},\"query-input\":{\"@type\":\"PropertyValueSpecification\",\"valueRequired\":true,\"valueName\":\"search_term_string\"}}],\"inLanguage\":\"fr-FR\"},{\"@type\":\"Organization\",\"@id\":\"https:\/\/bakertillyera.sn\/#organization\",\"name\":\"Bakertilly S\u00e9n\u00e9gal\",\"url\":\"https:\/\/bakertillyera.sn\/\",\"logo\":{\"@type\":\"ImageObject\",\"inLanguage\":\"fr-FR\",\"@id\":\"https:\/\/bakertillyera.sn\/#\/schema\/logo\/image\/\",\"url\":\"https:\/\/bakertillyera.sn\/wp-content\/uploads\/2026\/04\/cropped-BakerTilly-no-slogan-coal.webp\",\"contentUrl\":\"https:\/\/bakertillyera.sn\/wp-content\/uploads\/2026\/04\/cropped-BakerTilly-no-slogan-coal.webp\",\"width\":842,\"height\":233,\"caption\":\"Bakertilly S\u00e9n\u00e9gal\"},\"image\":{\"@id\":\"https:\/\/bakertillyera.sn\/#\/schema\/logo\/image\/\"}}]}<\/script>\n<!-- \/ Yoast SEO plugin. -->","yoast_head_json":{"title":"A propos - Bakertilly S\u00e9n\u00e9gal","robots":{"index":"noindex","follow":"follow","max-snippet":"max-snippet:-1","max-image-preview":"max-image-preview:large","max-video-preview":"max-video-preview:-1"},"og_locale":"fr_FR","og_type":"article","og_title":"A propos - Bakertilly S\u00e9n\u00e9gal","og_description":"Qui sommes-nous, o\u00f9 sommes-nous et pourquoi cela importe-t-il ? Nous sommes Baker Tilly, un r\u00e9seau mondial figurant parmi les 10 premiers cabinets de services professionnels. Nous intervenons dans les domaines de la fiscalit\u00e9, du conseil, de l&rsquo;audit, du droit et bien plus encore, gr\u00e2ce \u00e0 des centaines d&rsquo;experts hautement motiv\u00e9s qui accompagnent nos clients sur [&hellip;]","og_url":"https:\/\/bakertillyera.sn\/?page_id=23","og_site_name":"Bakertilly S\u00e9n\u00e9gal","article_modified_time":"2026-04-03T12:49:08+00:00","og_image":[{"width":1442,"height":853,"url":"https:\/\/bakertillyera.sn\/wp-content\/uploads\/2026\/04\/14-GS-scaled-e1775216913402.webp","type":"image\/webp"}],"twitter_card":"summary_large_image","twitter_misc":{"Dur\u00e9e de lecture estim\u00e9e":"3 minutes"},"schema":{"@context":"https:\/\/schema.org","@graph":[{"@type":"WebPage","@id":"https:\/\/bakertillyera.sn\/?page_id=23","url":"https:\/\/bakertillyera.sn\/?page_id=23","name":"A propos - Bakertilly S\u00e9n\u00e9gal","isPartOf":{"@id":"https:\/\/bakertillyera.sn\/#website"},"primaryImageOfPage":{"@id":"https:\/\/bakertillyera.sn\/?page_id=23#primaryimage"},"image":{"@id":"https:\/\/bakertillyera.sn\/?page_id=23#primaryimage"},"thumbnailUrl":"https:\/\/bakertillyera.sn\/wp-content\/uploads\/2026\/04\/14-GS-scaled-e1775216913402-1024x606.webp","datePublished":"2024-06-20T09:03:31+00:00","dateModified":"2026-04-03T12:49:08+00:00","breadcrumb":{"@id":"https:\/\/bakertillyera.sn\/?page_id=23#breadcrumb"},"inLanguage":"fr-FR","potentialAction":[{"@type":"ReadAction","target":["https:\/\/bakertillyera.sn\/?page_id=23"]}]},{"@type":"ImageObject","inLanguage":"fr-FR","@id":"https:\/\/bakertillyera.sn\/?page_id=23#primaryimage","url":"https:\/\/bakertillyera.sn\/wp-content\/uploads\/2026\/04\/14-GS-scaled-e1775216913402.webp","contentUrl":"https:\/\/bakertillyera.sn\/wp-content\/uploads\/2026\/04\/14-GS-scaled-e1775216913402.webp","width":1442,"height":853},{"@type":"BreadcrumbList","@id":"https:\/\/bakertillyera.sn\/?page_id=23#breadcrumb","itemListElement":[{"@type":"ListItem","position":1,"name":"Home","item":"https:\/\/bakertillyera.sn\/"},{"@type":"ListItem","position":2,"name":"A propos"}]},{"@type":"WebSite","@id":"https:\/\/bakertillyera.sn\/#website","url":"https:\/\/bakertillyera.sn\/","name":"Bakertilly S\u00e9n\u00e9gal","description":"Now, for Tomorrow","publisher":{"@id":"https:\/\/bakertillyera.sn\/#organization"},"potentialAction":[{"@type":"SearchAction","target":{"@type":"EntryPoint","urlTemplate":"https:\/\/bakertillyera.sn\/?s={search_term_string}"},"query-input":{"@type":"PropertyValueSpecification","valueRequired":true,"valueName":"search_term_string"}}],"inLanguage":"fr-FR"},{"@type":"Organization","@id":"https:\/\/bakertillyera.sn\/#organization","name":"Bakertilly S\u00e9n\u00e9gal","url":"https:\/\/bakertillyera.sn\/","logo":{"@type":"ImageObject","inLanguage":"fr-FR","@id":"https:\/\/bakertillyera.sn\/#\/schema\/logo\/image\/","url":"https:\/\/bakertillyera.sn\/wp-content\/uploads\/2026\/04\/cropped-BakerTilly-no-slogan-coal.webp","contentUrl":"https:\/\/bakertillyera.sn\/wp-content\/uploads\/2026\/04\/cropped-BakerTilly-no-slogan-coal.webp","width":842,"height":233,"caption":"Bakertilly S\u00e9n\u00e9gal"},"image":{"@id":"https:\/\/bakertillyera.sn\/#\/schema\/logo\/image\/"}}]}},"_links":{"self":[{"href":"https:\/\/bakertillyera.sn\/index.php?rest_route=\/wp\/v2\/pages\/23"}],"collection":[{"href":"https:\/\/bakertillyera.sn\/index.php?rest_route=\/wp\/v2\/pages"}],"about":[{"href":"https:\/\/bakertillyera.sn\/index.php?rest_route=\/wp\/v2\/types\/page"}],"author":[{"embeddable":true,"href":"https:\/\/bakertillyera.sn\/index.php?rest_route=\/wp\/v2\/users\/1"}],"replies":[{"embeddable":true,"href":"https:\/\/bakertillyera.sn\/index.php?rest_route=%2Fwp%2Fv2%2Fcomments&post=23"}],"version-history":[{"count":70,"href":"https:\/\/bakertillyera.sn\/index.php?rest_route=\/wp\/v2\/pages\/23\/revisions"}],"predecessor-version":[{"id":514,"href":"https:\/\/bakertillyera.sn\/index.php?rest_route=\/wp\/v2\/pages\/23\/revisions\/514"}],"wp:attachment":[{"href":"https:\/\/bakertillyera.sn\/index.php?rest_route=%2Fwp%2Fv2%2Fmedia&parent=23"}],"curies":[{"name":"wp","href":"https:\/\/api.w.org\/{rel}","templated":true}]}}