{"id":21,"date":"2024-06-20T11:03:15","date_gmt":"2024-06-20T09:03:15","guid":{"rendered":"https:\/\/www.inclusiveit.sn\/?page_id=21"},"modified":"2026-04-03T14:48:30","modified_gmt":"2026-04-03T12:48:30","slug":"services","status":"publish","type":"page","link":"https:\/\/bakertillyera.sn\/?page_id=21","title":{"rendered":"Services"},"content":{"rendered":"\t\t<div data-elementor-type=\"wp-page\" data-elementor-id=\"21\" class=\"elementor elementor-21\" data-elementor-post-type=\"page\">\n\t\t\t\t<div class=\"elementor-element elementor-element-5baec51 e-flex e-con-boxed e-con e-parent\" data-id=\"5baec51\" data-element_type=\"container\">\n\t\t\t\t\t<div class=\"e-con-inner\">\n\t\t<div class=\"elementor-element elementor-element-c05f9ee e-con-full e-flex e-con e-child\" data-id=\"c05f9ee\" data-element_type=\"container\">\n\t\t<div class=\"elementor-element elementor-element-a2ea007 e-con-full e-flex e-con e-child\" data-id=\"a2ea007\" data-element_type=\"container\">\n\t\t\t\t<div class=\"elementor-element elementor-element-372e64a elementor-widget elementor-widget-heading\" data-id=\"372e64a\" data-element_type=\"widget\" data-widget_type=\"heading.default\">\n\t\t\t\t<div class=\"elementor-widget-container\">\n\t\t\t\t\t<h1 class=\"elementor-heading-title elementor-size-default\">Un monde d'exp\u00e9rience<br> \u00e0 votre port\u00e9e<\/h1>\t\t\t\t<\/div>\n\t\t\t\t<\/div>\n\t\t\t\t<div class=\"elementor-element elementor-element-9b10b21 elementor-widget elementor-widget-text-editor\" data-id=\"9b10b21\" data-element_type=\"widget\" data-widget_type=\"text-editor.default\">\n\t\t\t\t<div class=\"elementor-widget-container\">\n\t\t\t\t\t\t\t\t\t<p>Une expertise locale au service de la croissance internationale : c&rsquo;est ainsi que Baker Tilly contribue \u00e0 la r\u00e9ussite des entreprises.<\/p><p>Que vous recherchiez des conseils en finance d&rsquo;entreprise et fusions-acquisitions, ou que votre entreprise ait besoin d&rsquo;un accompagnement en mati\u00e8re de fiscalit\u00e9, de droit, d&rsquo;audit et de certification, ou encore d&rsquo;ESG, collaborer avec Baker Tilly, c&rsquo;est acc\u00e9der \u00e0 un r\u00e9seau mondial de conseillers et de sp\u00e9cialistes.<\/p><p>Notre expertise repose sur des relations solides : avec nos clients et nos collaborateurs. Nous favorisons les \u00e9changes entre les meilleurs talents, tous secteurs, r\u00e9gions et disciplines confondus. Et nous nous investissons pleinement pour faire la diff\u00e9rence dont vous avez besoin.<\/p><p>C&rsquo;est ce que nous entendons par \u00ab\u00a0leadership ambitieux\u00a0\u00bb. Nous vous offrons la perspective n\u00e9cessaire pour prendre les bonnes d\u00e9cisions, aujourd&rsquo;hui et demain.<\/p>\t\t\t\t\t\t\t\t<\/div>\n\t\t\t\t<\/div>\n\t\t\t\t<\/div>\n\t\t<div class=\"elementor-element elementor-element-9f64e26 e-con-full e-flex e-con e-child\" data-id=\"9f64e26\" data-element_type=\"container\">\n\t\t\t\t<div class=\"elementor-element elementor-element-adba295 elementor-widget elementor-widget-image\" data-id=\"adba295\" data-element_type=\"widget\" data-widget_type=\"image.default\">\n\t\t\t\t<div class=\"elementor-widget-container\">\n\t\t\t\t\t\t\t\t\t\t\t\t\t\t\t<img fetchpriority=\"high\" decoding=\"async\" width=\"440\" height=\"360\" src=\"https:\/\/bakertillyera.sn\/wp-content\/uploads\/2026\/04\/stage-analyst-project-finance-640w-e1775212970319.webp\" class=\"attachment-full size-full wp-image-460\" alt=\"\" srcset=\"https:\/\/bakertillyera.sn\/wp-content\/uploads\/2026\/04\/stage-analyst-project-finance-640w-e1775212970319.webp 440w, https:\/\/bakertillyera.sn\/wp-content\/uploads\/2026\/04\/stage-analyst-project-finance-640w-e1775212970319-300x245.webp 300w\" sizes=\"(max-width: 440px) 100vw, 440px\" \/>\t\t\t\t\t\t\t\t\t\t\t\t\t\t\t<\/div>\n\t\t\t\t<\/div>\n\t\t\t\t<\/div>\n\t\t\t\t<\/div>\n\t\t\t\t\t<\/div>\n\t\t\t\t<\/div>\n\t\t<div class=\"elementor-element elementor-element-e0c3145 e-flex e-con-boxed e-con e-parent\" data-id=\"e0c3145\" data-element_type=\"container\">\n\t\t\t\t\t<div class=\"e-con-inner\">\n\t\t<div class=\"elementor-element elementor-element-4dd20fc e-con-full e-flex e-con e-child\" data-id=\"4dd20fc\" data-element_type=\"container\">\n\t\t<div class=\"elementor-element elementor-element-bae8974 e-con-full e-flex e-con e-child\" data-id=\"bae8974\" data-element_type=\"container\">\n\t\t\t\t<div class=\"elementor-element elementor-element-11957e4 elementor-widget elementor-widget-image\" data-id=\"11957e4\" data-element_type=\"widget\" data-widget_type=\"image.default\">\n\t\t\t\t<div class=\"elementor-widget-container\">\n\t\t\t\t\t\t\t\t\t\t\t\t\t\t\t<img decoding=\"async\" width=\"740\" height=\"493\" src=\"https:\/\/bakertillyera.sn\/wp-content\/uploads\/2026\/04\/homme-affaires-noir-analysant-donnees-financieres_482257-121115.avif\" class=\"attachment-large size-large wp-image-465\" alt=\"\" \/>\t\t\t\t\t\t\t\t\t\t\t\t\t\t\t<\/div>\n\t\t\t\t<\/div>\n\t\t\t\t<\/div>\n\t\t<div class=\"elementor-element elementor-element-92174a8 e-con-full e-flex e-con e-child\" data-id=\"92174a8\" data-element_type=\"container\">\n\t\t\t\t<div class=\"elementor-element elementor-element-9a1a261 elementor-widget elementor-widget-heading\" data-id=\"9a1a261\" data-element_type=\"widget\" data-widget_type=\"heading.default\">\n\t\t\t\t<div class=\"elementor-widget-container\">\n\t\t\t\t\t<h2 class=\"elementor-heading-title elementor-size-default\">Nous somme partout en Afrique <\/h2>\t\t\t\t<\/div>\n\t\t\t\t<\/div>\n\t\t\t\t<div class=\"elementor-element elementor-element-3f351c6 elementor-widget elementor-widget-heading\" data-id=\"3f351c6\" data-element_type=\"widget\" data-widget_type=\"heading.default\">\n\t\t\t\t<div class=\"elementor-widget-container\">\n\t\t\t\t\t<h5 class=\"elementor-heading-title elementor-size-default\">Pr\u00e9sence sur le terrain.<br>L\u00e0 o\u00f9 l'opportunit\u00e9 se pr\u00e9sente.<\/h5>\t\t\t\t<\/div>\n\t\t\t\t<\/div>\n\t\t<div class=\"elementor-element elementor-element-b60de6d e-con-full e-flex e-con e-child\" data-id=\"b60de6d\" data-element_type=\"container\">\n\t\t\t\t<div class=\"elementor-element elementor-element-3156019 elementor-icon-list--layout-traditional elementor-list-item-link-full_width elementor-widget elementor-widget-icon-list\" data-id=\"3156019\" data-element_type=\"widget\" data-widget_type=\"icon-list.default\">\n\t\t\t\t<div class=\"elementor-widget-container\">\n\t\t\t\t\t\t\t<ul class=\"elementor-icon-list-items\">\n\t\t\t\t\t\t\t<li class=\"elementor-icon-list-item\">\n\t\t\t\t\t\t\t\t\t\t\t<span class=\"elementor-icon-list-icon\">\n\t\t\t\t\t\t\t<svg aria-hidden=\"true\" class=\"e-font-icon-svg e-fas-circle\" viewBox=\"0 0 512 512\" xmlns=\"http:\/\/www.w3.org\/2000\/svg\"><path d=\"M256 8C119 8 8 119 8 256s111 248 248 248 248-111 248-248S393 8 256 8z\"><\/path><\/svg>\t\t\t\t\t\t<\/span>\n\t\t\t\t\t\t\t\t\t\t<span class=\"elementor-icon-list-text\"><strong>Demandes internationales Services multijuridictionnels et transfrontaliers<\/span>\n\t\t\t\t\t\t\t\t\t<\/li>\n\t\t\t\t\t\t<\/ul>\n\t\t\t\t\t\t<\/div>\n\t\t\t\t<\/div>\n\t\t\t\t<div class=\"elementor-element elementor-element-90b9ec1 elementor-icon-list--layout-traditional elementor-list-item-link-full_width elementor-widget elementor-widget-icon-list\" data-id=\"90b9ec1\" data-element_type=\"widget\" data-widget_type=\"icon-list.default\">\n\t\t\t\t<div class=\"elementor-widget-container\">\n\t\t\t\t\t\t\t<ul class=\"elementor-icon-list-items\">\n\t\t\t\t\t\t\t<li class=\"elementor-icon-list-item\">\n\t\t\t\t\t\t\t\t\t\t\t<span class=\"elementor-icon-list-icon\">\n\t\t\t\t\t\t\t<svg aria-hidden=\"true\" class=\"e-font-icon-svg e-fas-circle\" viewBox=\"0 0 512 512\" xmlns=\"http:\/\/www.w3.org\/2000\/svg\"><path d=\"M256 8C119 8 8 119 8 256s111 248 248 248 248-111 248-248S393 8 256 8z\"><\/path><\/svg>\t\t\t\t\t\t<\/span>\n\t\t\t\t\t\t\t\t\t\t<span class=\"elementor-icon-list-text\"><strong>Contactez l'\u00e9quipe internationale Demandes nationales<\/span>\n\t\t\t\t\t\t\t\t\t<\/li>\n\t\t\t\t\t\t<\/ul>\n\t\t\t\t\t\t<\/div>\n\t\t\t\t<\/div>\n\t\t\t\t<div class=\"elementor-element elementor-element-ca57c09 elementor-icon-list--layout-traditional elementor-list-item-link-full_width elementor-widget elementor-widget-icon-list\" data-id=\"ca57c09\" data-element_type=\"widget\" data-widget_type=\"icon-list.default\">\n\t\t\t\t<div class=\"elementor-widget-container\">\n\t\t\t\t\t\t\t<ul class=\"elementor-icon-list-items\">\n\t\t\t\t\t\t\t<li class=\"elementor-icon-list-item\">\n\t\t\t\t\t\t\t\t\t\t\t<span class=\"elementor-icon-list-icon\">\n\t\t\t\t\t\t\t<svg aria-hidden=\"true\" class=\"e-font-icon-svg e-fas-circle\" viewBox=\"0 0 512 512\" xmlns=\"http:\/\/www.w3.org\/2000\/svg\"><path d=\"M256 8C119 8 8 119 8 256s111 248 248 248 248-111 248-248S393 8 256 8z\"><\/path><\/svg>\t\t\t\t\t\t<\/span>\n\t\t\t\t\t\t\t\t\t\t<span class=\"elementor-icon-list-text\"><strong>Expertise locale<\/strong> Notre \u00e9quipe d\u2019experts maitrisant le march\u00e9 local<\/span>\n\t\t\t\t\t\t\t\t\t<\/li>\n\t\t\t\t\t\t<\/ul>\n\t\t\t\t\t\t<\/div>\n\t\t\t\t<\/div>\n\t\t\t\t<\/div>\n\t\t\t\t<\/div>\n\t\t\t\t<\/div>\n\t\t\t\t\t<\/div>\n\t\t\t\t<\/div>\n\t\t<div class=\"elementor-element elementor-element-d85db6c e-flex e-con-boxed e-con e-parent\" data-id=\"d85db6c\" data-element_type=\"container\">\n\t\t\t\t\t<div class=\"e-con-inner\">\n\t\t\t\t<div class=\"elementor-element elementor-element-f631536 elementor-widget-divider--view-line elementor-widget elementor-widget-divider\" data-id=\"f631536\" data-element_type=\"widget\" data-widget_type=\"divider.default\">\n\t\t\t\t<div class=\"elementor-widget-container\">\n\t\t\t\t\t\t\t<div class=\"elementor-divider\">\n\t\t\t<span class=\"elementor-divider-separator\">\n\t\t\t\t\t\t<\/span>\n\t\t<\/div>\n\t\t\t\t\t\t<\/div>\n\t\t\t\t<\/div>\n\t\t\t\t\t<\/div>\n\t\t\t\t<\/div>\n\t\t<div class=\"elementor-element elementor-element-fe9d0fa e-flex e-con-boxed e-con e-parent\" data-id=\"fe9d0fa\" data-element_type=\"container\">\n\t\t\t\t\t<div class=\"e-con-inner\">\n\t\t<div class=\"elementor-element elementor-element-cbf30de e-con-full e-flex e-con e-child\" data-id=\"cbf30de\" data-element_type=\"container\">\n\t\t<div class=\"elementor-element elementor-element-c593cc4 e-con-full e-flex e-con e-child\" data-id=\"c593cc4\" data-element_type=\"container\">\n\t\t\t\t<div class=\"elementor-element elementor-element-79d5a34 elementor-widget elementor-widget-image\" data-id=\"79d5a34\" data-element_type=\"widget\" data-widget_type=\"image.default\">\n\t\t\t\t<div class=\"elementor-widget-container\">\n\t\t\t\t\t\t\t\t\t\t\t\t\t\t\t<img decoding=\"async\" width=\"740\" height=\"493\" src=\"https:\/\/bakertillyera.sn\/wp-content\/uploads\/2026\/04\/homme-femme-afro-americains-resolvent-taches-independantes-maison_482257-118989.avif\" class=\"attachment-large size-large wp-image-466\" alt=\"\" \/>\t\t\t\t\t\t\t\t\t\t\t\t\t\t\t<\/div>\n\t\t\t\t<\/div>\n\t\t\t\t<\/div>\n\t\t<div class=\"elementor-element elementor-element-01e86e6 e-con-full e-flex e-con e-child\" data-id=\"01e86e6\" data-element_type=\"container\">\n\t\t\t\t<div class=\"elementor-element elementor-element-c3985a1 elementor-widget elementor-widget-heading\" data-id=\"c3985a1\" data-element_type=\"widget\" data-widget_type=\"heading.default\">\n\t\t\t\t<div class=\"elementor-widget-container\">\n\t\t\t\t\t<h2 class=\"elementor-heading-title elementor-size-default\">Nos Services<\/h2>\t\t\t\t<\/div>\n\t\t\t\t<\/div>\n\t\t<div class=\"elementor-element elementor-element-42cc643 e-con-full e-flex e-con e-child\" data-id=\"42cc643\" data-element_type=\"container\">\n\t\t\t\t<div class=\"elementor-element elementor-element-207edbf elementor-icon-list--layout-traditional elementor-list-item-link-full_width elementor-widget elementor-widget-icon-list\" data-id=\"207edbf\" data-element_type=\"widget\" data-widget_type=\"icon-list.default\">\n\t\t\t\t<div class=\"elementor-widget-container\">\n\t\t\t\t\t\t\t<ul class=\"elementor-icon-list-items\">\n\t\t\t\t\t\t\t<li class=\"elementor-icon-list-item\">\n\t\t\t\t\t\t\t\t\t\t\t<span class=\"elementor-icon-list-icon\">\n\t\t\t\t\t\t\t<svg aria-hidden=\"true\" class=\"e-font-icon-svg e-fas-circle\" viewBox=\"0 0 512 512\" xmlns=\"http:\/\/www.w3.org\/2000\/svg\"><path d=\"M256 8C119 8 8 119 8 256s111 248 248 248 248-111 248-248S393 8 256 8z\"><\/path><\/svg>\t\t\t\t\t\t<\/span>\n\t\t\t\t\t\t\t\t\t\t<span class=\"elementor-icon-list-text\"><strong>Conseils :<\/strong> Des conseils pertinents et perspicaces, dispens\u00e9s par une \u00e9quipe dirig\u00e9e par un associ\u00e9 qui vous conna\u00eet, vous et votre entreprise.<\/span>\n\t\t\t\t\t\t\t\t\t<\/li>\n\t\t\t\t\t\t<\/ul>\n\t\t\t\t\t\t<\/div>\n\t\t\t\t<\/div>\n\t\t\t\t<div class=\"elementor-element elementor-element-fd16313 elementor-icon-list--layout-traditional elementor-list-item-link-full_width elementor-widget elementor-widget-icon-list\" data-id=\"fd16313\" data-element_type=\"widget\" data-widget_type=\"icon-list.default\">\n\t\t\t\t<div class=\"elementor-widget-container\">\n\t\t\t\t\t\t\t<ul class=\"elementor-icon-list-items\">\n\t\t\t\t\t\t\t<li class=\"elementor-icon-list-item\">\n\t\t\t\t\t\t\t\t\t\t\t<span class=\"elementor-icon-list-icon\">\n\t\t\t\t\t\t\t<svg aria-hidden=\"true\" class=\"e-font-icon-svg e-fas-circle\" viewBox=\"0 0 512 512\" xmlns=\"http:\/\/www.w3.org\/2000\/svg\"><path d=\"M256 8C119 8 8 119 8 256s111 248 248 248 248-111 248-248S393 8 256 8z\"><\/path><\/svg>\t\t\t\t\t\t<\/span>\n\t\t\t\t\t\t\t\t\t\t<span class=\"elementor-icon-list-text\"><strong>Audit et assurance:<\/strong> The professional distance to see clearly. The partner-led service to support you at every stage.<\/span>\n\t\t\t\t\t\t\t\t\t<\/li>\n\t\t\t\t\t\t<\/ul>\n\t\t\t\t\t\t<\/div>\n\t\t\t\t<\/div>\n\t\t\t\t<div class=\"elementor-element elementor-element-1d44978 elementor-icon-list--layout-traditional elementor-list-item-link-full_width elementor-widget elementor-widget-icon-list\" data-id=\"1d44978\" data-element_type=\"widget\" data-widget_type=\"icon-list.default\">\n\t\t\t\t<div class=\"elementor-widget-container\">\n\t\t\t\t\t\t\t<ul class=\"elementor-icon-list-items\">\n\t\t\t\t\t\t\t<li class=\"elementor-icon-list-item\">\n\t\t\t\t\t\t\t\t\t\t\t<span class=\"elementor-icon-list-icon\">\n\t\t\t\t\t\t\t<svg aria-hidden=\"true\" class=\"e-font-icon-svg e-fas-circle\" viewBox=\"0 0 512 512\" xmlns=\"http:\/\/www.w3.org\/2000\/svg\"><path d=\"M256 8C119 8 8 119 8 256s111 248 248 248 248-111 248-248S393 8 256 8z\"><\/path><\/svg>\t\t\t\t\t\t<\/span>\n\t\t\t\t\t\t\t\t\t\t<span class=\"elementor-icon-list-text\"><strong>Juridique:<\/strong> Chaque d\u00e9tail est pris en compte, par-del\u00e0 les fronti\u00e8res \u2013 et dans 110 juridictions \u00e0 travers le monde.<\/span>\n\t\t\t\t\t\t\t\t\t<\/li>\n\t\t\t\t\t\t<\/ul>\n\t\t\t\t\t\t<\/div>\n\t\t\t\t<\/div>\n\t\t\t\t<\/div>\n\t\t\t\t<\/div>\n\t\t\t\t<\/div>\n\t\t\t\t\t<\/div>\n\t\t\t\t<\/div>\n\t\t<div class=\"elementor-element elementor-element-cef12d1 e-flex e-con-boxed e-con e-parent\" data-id=\"cef12d1\" data-element_type=\"container\">\n\t\t\t\t\t<div class=\"e-con-inner\">\n\t\t\t\t<div class=\"elementor-element elementor-element-5ab8783 elementor-widget-divider--view-line elementor-widget elementor-widget-divider\" data-id=\"5ab8783\" data-element_type=\"widget\" data-widget_type=\"divider.default\">\n\t\t\t\t<div class=\"elementor-widget-container\">\n\t\t\t\t\t\t\t<div class=\"elementor-divider\">\n\t\t\t<span class=\"elementor-divider-separator\">\n\t\t\t\t\t\t<\/span>\n\t\t<\/div>\n\t\t\t\t\t\t<\/div>\n\t\t\t\t<\/div>\n\t\t\t\t\t<\/div>\n\t\t\t\t<\/div>\n\t\t\t\t<\/div>\n\t\t","protected":false},"excerpt":{"rendered":"<p>Un monde d&rsquo;exp\u00e9rience \u00e0 votre port\u00e9e Une expertise locale au service de la croissance internationale : c&rsquo;est ainsi que Baker Tilly contribue \u00e0 la r\u00e9ussite des entreprises. Que vous recherchiez des conseils en finance d&rsquo;entreprise et fusions-acquisitions, ou que votre entreprise ait besoin d&rsquo;un accompagnement en mati\u00e8re de fiscalit\u00e9, de droit, d&rsquo;audit et de certification, [&hellip;]<\/p>\n","protected":false},"author":1,"featured_media":0,"parent":0,"menu_order":0,"comment_status":"closed","ping_status":"closed","template":"","meta":{"footnotes":""},"yoast_head":"<!-- This site is optimized with the Yoast SEO plugin v24.5 - https:\/\/yoast.com\/wordpress\/plugins\/seo\/ -->\n<title>Services - Bakertilly S\u00e9n\u00e9gal<\/title>\n<meta name=\"robots\" content=\"noindex, follow, max-snippet:-1, max-image-preview:large, max-video-preview:-1\" \/>\n<meta property=\"og:locale\" content=\"fr_FR\" \/>\n<meta property=\"og:type\" content=\"article\" \/>\n<meta property=\"og:title\" content=\"Services - Bakertilly S\u00e9n\u00e9gal\" \/>\n<meta property=\"og:description\" content=\"Un monde d&rsquo;exp\u00e9rience \u00e0 votre port\u00e9e Une expertise locale au service de la croissance internationale : c&rsquo;est ainsi que Baker Tilly contribue \u00e0 la r\u00e9ussite des entreprises. Que vous recherchiez des conseils en finance d&rsquo;entreprise et fusions-acquisitions, ou que votre entreprise ait besoin d&rsquo;un accompagnement en mati\u00e8re de fiscalit\u00e9, de droit, d&rsquo;audit et de certification, [&hellip;]\" \/>\n<meta property=\"og:url\" content=\"https:\/\/bakertillyera.sn\/?page_id=21\" \/>\n<meta property=\"og:site_name\" content=\"Bakertilly S\u00e9n\u00e9gal\" \/>\n<meta property=\"article:modified_time\" content=\"2026-04-03T12:48:30+00:00\" \/>\n<meta property=\"og:image\" content=\"https:\/\/bakertillyera.sn\/wp-content\/uploads\/2024\/06\/doodle05@2x.png\" \/>\n<meta name=\"twitter:card\" content=\"summary_large_image\" \/>\n<meta name=\"twitter:label1\" content=\"Dur\u00e9e de lecture estim\u00e9e\" \/>\n\t<meta name=\"twitter:data1\" content=\"4 minutes\" \/>\n<script type=\"application\/ld+json\" class=\"yoast-schema-graph\">{\"@context\":\"https:\/\/schema.org\",\"@graph\":[{\"@type\":\"WebPage\",\"@id\":\"https:\/\/bakertillyera.sn\/?page_id=21\",\"url\":\"https:\/\/bakertillyera.sn\/?page_id=21\",\"name\":\"Services - Bakertilly S\u00e9n\u00e9gal\",\"isPartOf\":{\"@id\":\"https:\/\/bakertillyera.sn\/#website\"},\"primaryImageOfPage\":{\"@id\":\"https:\/\/bakertillyera.sn\/?page_id=21#primaryimage\"},\"image\":{\"@id\":\"https:\/\/bakertillyera.sn\/?page_id=21#primaryimage\"},\"thumbnailUrl\":\"https:\/\/bakertillyera.sn\/wp-content\/uploads\/2026\/04\/stage-analyst-project-finance-640w-e1775212970319.webp\",\"datePublished\":\"2024-06-20T09:03:15+00:00\",\"dateModified\":\"2026-04-03T12:48:30+00:00\",\"breadcrumb\":{\"@id\":\"https:\/\/bakertillyera.sn\/?page_id=21#breadcrumb\"},\"inLanguage\":\"fr-FR\",\"potentialAction\":[{\"@type\":\"ReadAction\",\"target\":[\"https:\/\/bakertillyera.sn\/?page_id=21\"]}]},{\"@type\":\"ImageObject\",\"inLanguage\":\"fr-FR\",\"@id\":\"https:\/\/bakertillyera.sn\/?page_id=21#primaryimage\",\"url\":\"https:\/\/bakertillyera.sn\/wp-content\/uploads\/2026\/04\/stage-analyst-project-finance-640w-e1775212970319.webp\",\"contentUrl\":\"https:\/\/bakertillyera.sn\/wp-content\/uploads\/2026\/04\/stage-analyst-project-finance-640w-e1775212970319.webp\",\"width\":440,\"height\":360},{\"@type\":\"BreadcrumbList\",\"@id\":\"https:\/\/bakertillyera.sn\/?page_id=21#breadcrumb\",\"itemListElement\":[{\"@type\":\"ListItem\",\"position\":1,\"name\":\"Home\",\"item\":\"https:\/\/bakertillyera.sn\/\"},{\"@type\":\"ListItem\",\"position\":2,\"name\":\"Services\"}]},{\"@type\":\"WebSite\",\"@id\":\"https:\/\/bakertillyera.sn\/#website\",\"url\":\"https:\/\/bakertillyera.sn\/\",\"name\":\"Bakertilly S\u00e9n\u00e9gal\",\"description\":\"Now, for Tomorrow\",\"publisher\":{\"@id\":\"https:\/\/bakertillyera.sn\/#organization\"},\"potentialAction\":[{\"@type\":\"SearchAction\",\"target\":{\"@type\":\"EntryPoint\",\"urlTemplate\":\"https:\/\/bakertillyera.sn\/?s={search_term_string}\"},\"query-input\":{\"@type\":\"PropertyValueSpecification\",\"valueRequired\":true,\"valueName\":\"search_term_string\"}}],\"inLanguage\":\"fr-FR\"},{\"@type\":\"Organization\",\"@id\":\"https:\/\/bakertillyera.sn\/#organization\",\"name\":\"Bakertilly S\u00e9n\u00e9gal\",\"url\":\"https:\/\/bakertillyera.sn\/\",\"logo\":{\"@type\":\"ImageObject\",\"inLanguage\":\"fr-FR\",\"@id\":\"https:\/\/bakertillyera.sn\/#\/schema\/logo\/image\/\",\"url\":\"https:\/\/bakertillyera.sn\/wp-content\/uploads\/2026\/04\/cropped-BakerTilly-no-slogan-coal.webp\",\"contentUrl\":\"https:\/\/bakertillyera.sn\/wp-content\/uploads\/2026\/04\/cropped-BakerTilly-no-slogan-coal.webp\",\"width\":842,\"height\":233,\"caption\":\"Bakertilly S\u00e9n\u00e9gal\"},\"image\":{\"@id\":\"https:\/\/bakertillyera.sn\/#\/schema\/logo\/image\/\"}}]}<\/script>\n<!-- \/ Yoast SEO plugin. -->","yoast_head_json":{"title":"Services - Bakertilly S\u00e9n\u00e9gal","robots":{"index":"noindex","follow":"follow","max-snippet":"max-snippet:-1","max-image-preview":"max-image-preview:large","max-video-preview":"max-video-preview:-1"},"og_locale":"fr_FR","og_type":"article","og_title":"Services - Bakertilly S\u00e9n\u00e9gal","og_description":"Un monde d&rsquo;exp\u00e9rience \u00e0 votre port\u00e9e Une expertise locale au service de la croissance internationale : c&rsquo;est ainsi que Baker Tilly contribue \u00e0 la r\u00e9ussite des entreprises. Que vous recherchiez des conseils en finance d&rsquo;entreprise et fusions-acquisitions, ou que votre entreprise ait besoin d&rsquo;un accompagnement en mati\u00e8re de fiscalit\u00e9, de droit, d&rsquo;audit et de certification, [&hellip;]","og_url":"https:\/\/bakertillyera.sn\/?page_id=21","og_site_name":"Bakertilly S\u00e9n\u00e9gal","article_modified_time":"2026-04-03T12:48:30+00:00","og_image":[{"url":"https:\/\/bakertillyera.sn\/wp-content\/uploads\/2024\/06\/doodle05@2x.png","type":"","width":"","height":""}],"twitter_card":"summary_large_image","twitter_misc":{"Dur\u00e9e de lecture estim\u00e9e":"4 minutes"},"schema":{"@context":"https:\/\/schema.org","@graph":[{"@type":"WebPage","@id":"https:\/\/bakertillyera.sn\/?page_id=21","url":"https:\/\/bakertillyera.sn\/?page_id=21","name":"Services - Bakertilly S\u00e9n\u00e9gal","isPartOf":{"@id":"https:\/\/bakertillyera.sn\/#website"},"primaryImageOfPage":{"@id":"https:\/\/bakertillyera.sn\/?page_id=21#primaryimage"},"image":{"@id":"https:\/\/bakertillyera.sn\/?page_id=21#primaryimage"},"thumbnailUrl":"https:\/\/bakertillyera.sn\/wp-content\/uploads\/2026\/04\/stage-analyst-project-finance-640w-e1775212970319.webp","datePublished":"2024-06-20T09:03:15+00:00","dateModified":"2026-04-03T12:48:30+00:00","breadcrumb":{"@id":"https:\/\/bakertillyera.sn\/?page_id=21#breadcrumb"},"inLanguage":"fr-FR","potentialAction":[{"@type":"ReadAction","target":["https:\/\/bakertillyera.sn\/?page_id=21"]}]},{"@type":"ImageObject","inLanguage":"fr-FR","@id":"https:\/\/bakertillyera.sn\/?page_id=21#primaryimage","url":"https:\/\/bakertillyera.sn\/wp-content\/uploads\/2026\/04\/stage-analyst-project-finance-640w-e1775212970319.webp","contentUrl":"https:\/\/bakertillyera.sn\/wp-content\/uploads\/2026\/04\/stage-analyst-project-finance-640w-e1775212970319.webp","width":440,"height":360},{"@type":"BreadcrumbList","@id":"https:\/\/bakertillyera.sn\/?page_id=21#breadcrumb","itemListElement":[{"@type":"ListItem","position":1,"name":"Home","item":"https:\/\/bakertillyera.sn\/"},{"@type":"ListItem","position":2,"name":"Services"}]},{"@type":"WebSite","@id":"https:\/\/bakertillyera.sn\/#website","url":"https:\/\/bakertillyera.sn\/","name":"Bakertilly S\u00e9n\u00e9gal","description":"Now, for Tomorrow","publisher":{"@id":"https:\/\/bakertillyera.sn\/#organization"},"potentialAction":[{"@type":"SearchAction","target":{"@type":"EntryPoint","urlTemplate":"https:\/\/bakertillyera.sn\/?s={search_term_string}"},"query-input":{"@type":"PropertyValueSpecification","valueRequired":true,"valueName":"search_term_string"}}],"inLanguage":"fr-FR"},{"@type":"Organization","@id":"https:\/\/bakertillyera.sn\/#organization","name":"Bakertilly S\u00e9n\u00e9gal","url":"https:\/\/bakertillyera.sn\/","logo":{"@type":"ImageObject","inLanguage":"fr-FR","@id":"https:\/\/bakertillyera.sn\/#\/schema\/logo\/image\/","url":"https:\/\/bakertillyera.sn\/wp-content\/uploads\/2026\/04\/cropped-BakerTilly-no-slogan-coal.webp","contentUrl":"https:\/\/bakertillyera.sn\/wp-content\/uploads\/2026\/04\/cropped-BakerTilly-no-slogan-coal.webp","width":842,"height":233,"caption":"Bakertilly S\u00e9n\u00e9gal"},"image":{"@id":"https:\/\/bakertillyera.sn\/#\/schema\/logo\/image\/"}}]}},"_links":{"self":[{"href":"https:\/\/bakertillyera.sn\/index.php?rest_route=\/wp\/v2\/pages\/21"}],"collection":[{"href":"https:\/\/bakertillyera.sn\/index.php?rest_route=\/wp\/v2\/pages"}],"about":[{"href":"https:\/\/bakertillyera.sn\/index.php?rest_route=\/wp\/v2\/types\/page"}],"author":[{"embeddable":true,"href":"https:\/\/bakertillyera.sn\/index.php?rest_route=\/wp\/v2\/users\/1"}],"replies":[{"embeddable":true,"href":"https:\/\/bakertillyera.sn\/index.php?rest_route=%2Fwp%2Fv2%2Fcomments&post=21"}],"version-history":[{"count":85,"href":"https:\/\/bakertillyera.sn\/index.php?rest_route=\/wp\/v2\/pages\/21\/revisions"}],"predecessor-version":[{"id":508,"href":"https:\/\/bakertillyera.sn\/index.php?rest_route=\/wp\/v2\/pages\/21\/revisions\/508"}],"wp:attachment":[{"href":"https:\/\/bakertillyera.sn\/index.php?rest_route=%2Fwp%2Fv2%2Fmedia&parent=21"}],"curies":[{"name":"wp","href":"https:\/\/api.w.org\/{rel}","templated":true}]}}